{"id":350,"date":"2012-11-11T21:49:05","date_gmt":"2012-11-11T21:49:05","guid":{"rendered":"http:\/\/nuriaalcaraz.es\/en\/?page_id=2"},"modified":"2012-11-11T21:49:05","modified_gmt":"2012-11-11T21:49:05","slug":"first-person","status":"publish","type":"page","link":"https:\/\/nuriaalcaraz.es\/eng\/first-person\/","title":{"rendered":"First person"},"content":{"rendered":"<h3><\/h3>\n<h3><img loading=\"lazy\" decoding=\"async\" class=\"alignright\" style=\"border: 1px solid black;margin: 5px 10px\" src=\"http:\/\/nuriaalcaraz.es\/eng\/wp-content\/uploads\/sites\/3\/2013\/09\/Nuria-Alcaraz-en-su-estudio-de-pintura-300px.jpg\" alt=\"Nuria Alcaraz\" width=\"300\" height=\"400\" \/>Solo Exhibitions<\/h3>\n<p>2011<\/p>\n<ul>\n<li>Ram\u00f3n Portuondo Wakonigg. &#8220;De ovejas y sutilezas&#8221;. Madrid.<\/li>\n<\/ul>\n<h3>Group Exhibitions<\/h3>\n<p>2016<\/p>\n<ul>\n<li>XII Biennial of Art \u201cCiudad de Albacete\u201d.<\/li>\n<li>&#8220;Tres miradas : lo on\u00edrico, lo vegetal, lo org\u00e1nico&#8221;. Fundation Pons (Madrid).<\/li>\n<\/ul>\n<p>2014<\/p>\n<ul>\n<li>\u201cPintoras del Siglo XXI\u201d. Exhibition Hall of the Sede del Distrito de Retiro (Madrid).<\/li>\n<li>\u201c75\u00a0International Arts\u00a0 Exhibition Valdepe\u00f1as\u201d. Valdepe\u00f1as.<br \/>\nWork acquired by private collection.<\/li>\n<li>XI Biennial of Art \u201cCiudad de Albacete\u201d.<\/li>\n<\/ul>\n<p>2013<\/p>\n<ul>\n<li>74 International Art Exhibition. Cultural Center\u00a0\u201cLa Confianza\u201d. Valdepe\u00f1as. (<a title=\"Cat\u00e1logo 74 Exposici\u00f3n Internacional de Artes Pl\u00e1sticas\" href=\"http:\/\/nuriaalcaraz.es\/wp-content\/uploads\/Catalogo_74_exposicion_de_artes_plasticas.pdf\" target=\"_blank\" rel=\"noopener noreferrer\">Download catalog<\/a>)<\/li>\n<li>Art by Piura. Charity art exhibition. Ansorena Exhibition Hall. Madrid<\/li>\n<li>XXI Century painters. Showroom El Retiro. Madrid<\/li>\n<\/ul>\n<p>2012<\/p>\n<ul>\n<li>XLIV\u00a0Competition-Exhibition &#8220;Ciudad de Tomelloso 2012&#8221;. Museum L\u00f3pez Torres, Tomelloso. (<a title=\"Cat\u00e1logo del Certamen Ciudad de Tomelloso 2012\" href=\"http:\/\/nuriaalcaraz.es\/wp-content\/uploads\/Tomelloso_2012_Certamenes_Artisticos.pdf\" target=\"_blank\" rel=\"noopener noreferrer\">Download catalog<\/a>)<\/li>\n<\/ul>\n<p>2006<\/p>\n<ul>\n<li>VII\u00a0Arts Biennial \u201cCiudad de Albacete\u201d.<\/li>\n<\/ul>\n<p>2005<\/p>\n<ul>\n<li>Galery Marina Miranda. &#8220;Mujeres en Marina Miranda&#8221;. Madrid.<\/li>\n<\/ul>\n<p>&nbsp;<\/p>\n<h6><em>\u201cI was a placid girl brimful of dreams.<\/em><\/h6>\n<h6><em>Little witty head that made-up over one thousand and one games.<\/em><\/h6>\n<h6><em>Monumental painter with small crayons,<\/em><\/h6>\n<h6><em>Haute couture dressmaker making paper clothes for dolls.<\/em><\/h6>\n<h6><em>Mother to lots of <\/em>Nancys1<em>, <\/em>pitirolas2<em> and some cuddly dog.<\/em><\/h6>\n<h6><em>Queen of <\/em>Curdilandia3<em> and wife of a pattisier.<\/em><\/h6>\n<h6><em>Sister to my sister and to the whole first grade.<\/em><\/h6>\n<h6><em>Occasional thinker at break time.<\/em><\/h6>\n<h6><em>Commander-in-chief in the battle against the third grade troops,<\/em><\/h6>\n<h6><em>Little gypsy, Frenchy, nurse or combatant.<\/em><\/h6>\n<h6><em>Grown-up sometimes and others just a child.<\/em><\/h6>\n<h6><em>Little wide-eyed monkey,<\/em><\/h6>\n<h6><em>Quick-witted but na\u00efve like a child\u2019s play.<\/em><\/h6>\n<h6><em>I was who I was, I am who I can.\u201d<\/em><\/h6>\n<p>&nbsp;<\/p>\n<p style=\"padding-left: 30px\">T.N.<br \/>\n1 and 2: typical Spanish dolls very popular in the 1970s.<br \/>\n3: imaginary land.<\/p>\n<p>&nbsp;<\/p>\n<h3>Nuria Alcaraz, Castell\u00f3n de la Plana (Spain), July 6, 1965.<\/h3>\n<h5>I have been painting, colouring, cutting out and sticking all my life.<\/h5>\n<p>However, the matter was postponed temporarily at that moment when you think that become an adult involves, among other things, choosing a career; the best possible one to secure your future in the long term. Ideas of a wrong education.<\/p>\n<p>To be fair, I must say that I was never sure about what I wanted to devote the rest of my life to; among other things because the rest of my life meant to me too long a time to do just a single thing. In view of that I started to try different things. For some time I was actively involved with youth activism dealing in particular with the area of gender issues.<\/p>\n<p>Later I got the itch for media studies and so I entered the CEV School (Escuela Superior de Comunicaci\u00f3n, Imagen y Sonido) to become a camera operator. This experience proved to be really useful, especially when I took part in the making of some short films as a scriptwriter and as an occasional actress too. In fact, acting had always been for me a long wished aspiration that fortunately became a reality when I took a one-year course in performing arts at the Cuarta Pared (theatre school).<\/p>\n<p>In the meantime\u2026 I kept on painting, colouring, cutting out and sticking. But suddenly music appeared. At this stage of my life, in my late twenties, I discovered a fresh pleasure in that and at the same time I felt that I had to find a way to take an active part in the music scene. Consequently, I decided to study a degree in Music Education (BEd in Music Ed.) in firm accordance with my deep desire to train students not merely in musical virtuosity \u2013 conservatoires were created for this purpose- but also in the very pleasure of the experience as well as to foster in them a taste for music and a sound judgment. So, after graduating from UCM University I started my teaching practice, from this experience I came to the conclusion that the scope of our education system was too narrow for me.<\/p>\n<p>In the meantime\u2026 there I was, painting, colouring, cutting out and sticking the remnants of a life full of ups and downs.<br \/>\nAnd it was at the turn of the new century that, still recovering from a surgery, I saw the light at last: I realised that I wanted to paint, colour, cut out and stick professionally.<\/p>\n<p>And so I did it; with the stitches still tight I embarked on a new adventure; I joined the Estudio Sotomesa (art studio).<br \/>\nFrom then on painting and plastic creation became the leitmotif of my life.<\/p>\n<p>Today, I really understand that, unavoidably, it would not have been possible for me to be anything else when I grew up.<\/p>\n","protected":false},"excerpt":{"rendered":"<p>Solo Exhibitions 2011 Ram\u00f3n Portuondo Wakonigg. &#8220;De ovejas y sutilezas&#8221;. Madrid. Group Exhibitions 2016 XII Biennial of Art \u201cCiudad de Albacete\u201d. &#8220;Tres miradas : lo on\u00edrico, lo vegetal, lo org\u00e1nico&#8221;. Fundation Pons (Madrid). 2014 \u201cPintoras del Siglo XXI\u201d. Exhibition Hall of the Sede del Distrito de Retiro (Madrid). \u201c75\u00a0International Arts\u00a0 Exhibition Valdepe\u00f1as\u201d. Valdepe\u00f1as. Work acquired &hellip; <\/p>\n","protected":false},"author":1,"featured_media":0,"parent":0,"menu_order":0,"comment_status":"open","ping_status":"open","template":"page_full.php","meta":{"footnotes":""},"class_list":["post-350","page","type-page","status-publish","hentry"],"yoast_head":"<!-- This site is optimized with the Yoast SEO plugin v27.4 - https:\/\/yoast.com\/product\/yoast-seo-wordpress\/ -->\n<title>First person - Nuria Alcaraz<\/title>\n<meta name=\"robots\" content=\"index, follow, max-snippet:-1, max-image-preview:large, max-video-preview:-1\" \/>\n<link rel=\"canonical\" href=\"http:\/\/nuriaalcaraz.es\/eng\/first-person\/\" \/>\n<meta property=\"og:locale\" content=\"en_US\" \/>\n<meta property=\"og:type\" content=\"article\" \/>\n<meta property=\"og:title\" content=\"First person - Nuria Alcaraz\" \/>\n<meta property=\"og:description\" content=\"Solo Exhibitions 2011 Ram\u00f3n Portuondo Wakonigg. &#8220;De ovejas y sutilezas&#8221;. Madrid. Group Exhibitions 2016 XII Biennial of Art \u201cCiudad de Albacete\u201d. &#8220;Tres miradas : lo on\u00edrico, lo vegetal, lo org\u00e1nico&#8221;. Fundation Pons (Madrid). 2014 \u201cPintoras del Siglo XXI\u201d. Exhibition Hall of the Sede del Distrito de Retiro (Madrid). \u201c75\u00a0International Arts\u00a0 Exhibition Valdepe\u00f1as\u201d. Valdepe\u00f1as. Work acquired &hellip;\" \/>\n<meta property=\"og:url\" content=\"http:\/\/nuriaalcaraz.es\/eng\/first-person\/\" \/>\n<meta property=\"og:site_name\" content=\"Nuria Alcaraz\" \/>\n<meta property=\"og:image\" content=\"http:\/\/nuriaalcaraz.es\/eng\/wp-content\/uploads\/sites\/3\/2013\/09\/Nuria-Alcaraz-en-su-estudio-de-pintura-300px.jpg\" \/>\n<meta name=\"twitter:card\" content=\"summary_large_image\" \/>\n<meta name=\"twitter:label1\" content=\"Est. reading time\" \/>\n\t<meta name=\"twitter:data1\" content=\"4 minutes\" \/>\n<script type=\"application\/ld+json\" class=\"yoast-schema-graph\">{\"@context\":\"https:\\\/\\\/schema.org\",\"@graph\":[{\"@type\":\"WebPage\",\"@id\":\"http:\\\/\\\/nuriaalcaraz.es\\\/eng\\\/first-person\\\/\",\"url\":\"http:\\\/\\\/nuriaalcaraz.es\\\/eng\\\/first-person\\\/\",\"name\":\"First person - Nuria Alcaraz\",\"isPartOf\":{\"@id\":\"https:\\\/\\\/nuriaalcaraz.es\\\/eng\\\/#website\"},\"primaryImageOfPage\":{\"@id\":\"http:\\\/\\\/nuriaalcaraz.es\\\/eng\\\/first-person\\\/#primaryimage\"},\"image\":{\"@id\":\"http:\\\/\\\/nuriaalcaraz.es\\\/eng\\\/first-person\\\/#primaryimage\"},\"thumbnailUrl\":\"http:\\\/\\\/nuriaalcaraz.es\\\/eng\\\/wp-content\\\/uploads\\\/sites\\\/3\\\/2013\\\/09\\\/Nuria-Alcaraz-en-su-estudio-de-pintura-300px.jpg\",\"datePublished\":\"2012-11-11T21:49:05+00:00\",\"breadcrumb\":{\"@id\":\"http:\\\/\\\/nuriaalcaraz.es\\\/eng\\\/first-person\\\/#breadcrumb\"},\"inLanguage\":\"en-US\",\"potentialAction\":[{\"@type\":\"ReadAction\",\"target\":[\"http:\\\/\\\/nuriaalcaraz.es\\\/eng\\\/first-person\\\/\"]}]},{\"@type\":\"ImageObject\",\"inLanguage\":\"en-US\",\"@id\":\"http:\\\/\\\/nuriaalcaraz.es\\\/eng\\\/first-person\\\/#primaryimage\",\"url\":\"https:\\\/\\\/nuriaalcaraz.es\\\/eng\\\/wp-content\\\/uploads\\\/sites\\\/3\\\/2013\\\/09\\\/Nuria-Alcaraz-en-su-estudio-de-pintura-300px.jpg\",\"contentUrl\":\"https:\\\/\\\/nuriaalcaraz.es\\\/eng\\\/wp-content\\\/uploads\\\/sites\\\/3\\\/2013\\\/09\\\/Nuria-Alcaraz-en-su-estudio-de-pintura-300px.jpg\",\"width\":300,\"height\":400},{\"@type\":\"BreadcrumbList\",\"@id\":\"http:\\\/\\\/nuriaalcaraz.es\\\/eng\\\/first-person\\\/#breadcrumb\",\"itemListElement\":[{\"@type\":\"ListItem\",\"position\":1,\"name\":\"Portada\",\"item\":\"http:\\\/\\\/nuriaalcaraz.es\\\/eng\\\/\"},{\"@type\":\"ListItem\",\"position\":2,\"name\":\"First person\"}]},{\"@type\":\"WebSite\",\"@id\":\"https:\\\/\\\/nuriaalcaraz.es\\\/eng\\\/#website\",\"url\":\"https:\\\/\\\/nuriaalcaraz.es\\\/eng\\\/\",\"name\":\"Nuria Alcaraz\",\"description\":\"Painter, contemporary artist\",\"potentialAction\":[{\"@type\":\"SearchAction\",\"target\":{\"@type\":\"EntryPoint\",\"urlTemplate\":\"https:\\\/\\\/nuriaalcaraz.es\\\/eng\\\/?s={search_term_string}\"},\"query-input\":{\"@type\":\"PropertyValueSpecification\",\"valueRequired\":true,\"valueName\":\"search_term_string\"}}],\"inLanguage\":\"en-US\"}]}<\/script>\n<!-- \/ Yoast SEO plugin. -->","yoast_head_json":{"title":"First person - Nuria Alcaraz","robots":{"index":"index","follow":"follow","max-snippet":"max-snippet:-1","max-image-preview":"max-image-preview:large","max-video-preview":"max-video-preview:-1"},"canonical":"http:\/\/nuriaalcaraz.es\/eng\/first-person\/","og_locale":"en_US","og_type":"article","og_title":"First person - Nuria Alcaraz","og_description":"Solo Exhibitions 2011 Ram\u00f3n Portuondo Wakonigg. &#8220;De ovejas y sutilezas&#8221;. Madrid. Group Exhibitions 2016 XII Biennial of Art \u201cCiudad de Albacete\u201d. &#8220;Tres miradas : lo on\u00edrico, lo vegetal, lo org\u00e1nico&#8221;. Fundation Pons (Madrid). 2014 \u201cPintoras del Siglo XXI\u201d. Exhibition Hall of the Sede del Distrito de Retiro (Madrid). \u201c75\u00a0International Arts\u00a0 Exhibition Valdepe\u00f1as\u201d. Valdepe\u00f1as. Work acquired &hellip;","og_url":"http:\/\/nuriaalcaraz.es\/eng\/first-person\/","og_site_name":"Nuria Alcaraz","og_image":[{"url":"http:\/\/nuriaalcaraz.es\/eng\/wp-content\/uploads\/sites\/3\/2013\/09\/Nuria-Alcaraz-en-su-estudio-de-pintura-300px.jpg","type":"","width":"","height":""}],"twitter_card":"summary_large_image","twitter_misc":{"Est. reading time":"4 minutes"},"schema":{"@context":"https:\/\/schema.org","@graph":[{"@type":"WebPage","@id":"http:\/\/nuriaalcaraz.es\/eng\/first-person\/","url":"http:\/\/nuriaalcaraz.es\/eng\/first-person\/","name":"First person - Nuria Alcaraz","isPartOf":{"@id":"https:\/\/nuriaalcaraz.es\/eng\/#website"},"primaryImageOfPage":{"@id":"http:\/\/nuriaalcaraz.es\/eng\/first-person\/#primaryimage"},"image":{"@id":"http:\/\/nuriaalcaraz.es\/eng\/first-person\/#primaryimage"},"thumbnailUrl":"http:\/\/nuriaalcaraz.es\/eng\/wp-content\/uploads\/sites\/3\/2013\/09\/Nuria-Alcaraz-en-su-estudio-de-pintura-300px.jpg","datePublished":"2012-11-11T21:49:05+00:00","breadcrumb":{"@id":"http:\/\/nuriaalcaraz.es\/eng\/first-person\/#breadcrumb"},"inLanguage":"en-US","potentialAction":[{"@type":"ReadAction","target":["http:\/\/nuriaalcaraz.es\/eng\/first-person\/"]}]},{"@type":"ImageObject","inLanguage":"en-US","@id":"http:\/\/nuriaalcaraz.es\/eng\/first-person\/#primaryimage","url":"https:\/\/nuriaalcaraz.es\/eng\/wp-content\/uploads\/sites\/3\/2013\/09\/Nuria-Alcaraz-en-su-estudio-de-pintura-300px.jpg","contentUrl":"https:\/\/nuriaalcaraz.es\/eng\/wp-content\/uploads\/sites\/3\/2013\/09\/Nuria-Alcaraz-en-su-estudio-de-pintura-300px.jpg","width":300,"height":400},{"@type":"BreadcrumbList","@id":"http:\/\/nuriaalcaraz.es\/eng\/first-person\/#breadcrumb","itemListElement":[{"@type":"ListItem","position":1,"name":"Portada","item":"http:\/\/nuriaalcaraz.es\/eng\/"},{"@type":"ListItem","position":2,"name":"First person"}]},{"@type":"WebSite","@id":"https:\/\/nuriaalcaraz.es\/eng\/#website","url":"https:\/\/nuriaalcaraz.es\/eng\/","name":"Nuria Alcaraz","description":"Painter, contemporary artist","potentialAction":[{"@type":"SearchAction","target":{"@type":"EntryPoint","urlTemplate":"https:\/\/nuriaalcaraz.es\/eng\/?s={search_term_string}"},"query-input":{"@type":"PropertyValueSpecification","valueRequired":true,"valueName":"search_term_string"}}],"inLanguage":"en-US"}]}},"_links":{"self":[{"href":"https:\/\/nuriaalcaraz.es\/eng\/wp-json\/wp\/v2\/pages\/350","targetHints":{"allow":["GET"]}}],"collection":[{"href":"https:\/\/nuriaalcaraz.es\/eng\/wp-json\/wp\/v2\/pages"}],"about":[{"href":"https:\/\/nuriaalcaraz.es\/eng\/wp-json\/wp\/v2\/types\/page"}],"author":[{"embeddable":true,"href":"https:\/\/nuriaalcaraz.es\/eng\/wp-json\/wp\/v2\/users\/1"}],"replies":[{"embeddable":true,"href":"https:\/\/nuriaalcaraz.es\/eng\/wp-json\/wp\/v2\/comments?post=350"}],"version-history":[{"count":0,"href":"https:\/\/nuriaalcaraz.es\/eng\/wp-json\/wp\/v2\/pages\/350\/revisions"}],"wp:attachment":[{"href":"https:\/\/nuriaalcaraz.es\/eng\/wp-json\/wp\/v2\/media?parent=350"}],"curies":[{"name":"wp","href":"https:\/\/api.w.org\/{rel}","templated":true}]}}